{"id":964,"date":"2021-04-06T10:36:38","date_gmt":"2021-04-06T10:36:38","guid":{"rendered":"https:\/\/jmd.com.co\/index.php\/about\/"},"modified":"2023-07-06T18:55:05","modified_gmt":"2023-07-06T18:55:05","slug":"about","status":"publish","type":"page","link":"https:\/\/jmd.com.co\/index.php\/about\/","title":{"rendered":"Nosotros"},"content":{"rendered":"\n<div class=\"wp-block-uagb-container uagb-block-d9043013 alignfull uagb-is-root-container\"><div class=\"uagb-container-inner-blocks-wrap\">\n<div class=\"wp-block-uagb-advanced-heading uagb-block-737fdafe\"><h1 class=\"uagb-heading-text\">Nosotros<\/h1><\/div>\n<\/div><\/div>\n\n\n\n<div class=\"wp-block-uagb-container uagb-block-b6d8d703 alignfull uagb-is-root-container\"><div class=\"uagb-container-inner-blocks-wrap\">\n<div class=\"wp-block-uagb-container uagb-block-aac88026\">\n<div class=\"wp-block-uagb-advanced-heading uagb-block-ff6b31b7\"><h2 class=\"uagb-heading-text\">Somos consultores Integrales en Gesti\u00f3n de Activos seg\u00fan la Norma ISO 55001.<\/h2><\/div>\n<\/div>\n\n\n\n<div class=\"wp-block-uagb-container uagb-block-b430bd60\">\n<figure class=\"wp-block-image size-full\"><img loading=\"lazy\" decoding=\"async\" width=\"768\" height=\"1024\" src=\"https:\/\/jmd.com.co\/wp-content\/uploads\/2023\/05\/Foto-Popayan.jpeg\" alt=\"\" class=\"wp-image-1848\" srcset=\"https:\/\/jmd.com.co\/wp-content\/uploads\/2023\/05\/Foto-Popayan.jpeg 768w, https:\/\/jmd.com.co\/wp-content\/uploads\/2023\/05\/Foto-Popayan-225x300.jpeg 225w\" sizes=\"auto, (max-width: 768px) 100vw, 768px\" \/><\/figure>\n<\/div>\n<\/div><\/div>\n\n\n\n<div class=\"wp-block-uagb-container uagb-block-8391558e alignfull uagb-is-root-container\"><div class=\"uagb-container-inner-blocks-wrap\">\n<div class=\"wp-block-columns is-layout-flex wp-container-core-columns-is-layout-28f84493 wp-block-columns-is-layout-flex\">\n<div class=\"wp-block-column is-layout-flow wp-block-column-is-layout-flow\" style=\"flex-basis:100%\">\n<p class=\"has-text-align-center\">Tenemos conocimiento y experiencia espec\u00edfica para Empresas del Sector Energ\u00e9tico y de Servicios P\u00fablicos. Acompa\u00f1amos a nuestros Clientes en todo el proceso de diagn\u00f3stico, planeaci\u00f3n y implementaci\u00f3n y acompa\u00f1amiento en la certificaci\u00f3n, garantizando el retorno de la Inversi\u00f3n.<\/p>\n<\/div>\n<\/div>\n\n\n\n<p><\/p>\n\n\n\n<h2 class=\"wp-block-heading has-text-align-center\">Pol\u00edtica del Sistema de Gesti\u00f3n de Calidad<\/h2>\n\n\n\n<p>La empresa JMD CONSULTING S.A.S., presta servicios de consultor\u00eda en gesti\u00f3n empresarial, ingenier\u00eda y desarrollo de soluciones inform\u00e1ticas, generando valor agregado y superando las necesidades y expectativas de los grupos de inter\u00e9s, brindando un servicio de alta calidad y proporcionando la base para el logro de los objetivos.&nbsp;<\/p>\n\n\n\n<p>Est\u00e1 comprometida con la promoci\u00f3n de las condiciones de trabajo seguras y saludables para todos los colaboradores, eliminando los peligros, previniendo las lesiones y las enfermedades laborales mediante la gesti\u00f3n integral de riesgos y oportunidades.&nbsp;<\/p>\n\n\n\n<p>Promueve un ambiente sano para la convivencia, preserva la salud y seguridad de las personas. Asegura el mejoramiento continuo del Sistema de Gesti\u00f3n de Calidad y los recursos necesarios para el desarrollo de las actividades de la empresa, y da cumplimiento a los requisitos legales y de otra \u00edndole asociados a su actividad econ\u00f3mica.<\/p>\n\n\n\n<div class=\"wp-block-uagb-container uagb-block-dc3a0f7e\">\n<div class=\"wp-block-group is-nowrap is-layout-flex wp-container-core-group-is-layout-6c531013 wp-block-group-is-layout-flex\">\n<div class=\"wp-block-columns is-layout-flex wp-container-core-columns-is-layout-28f84493 wp-block-columns-is-layout-flex\">\n<div class=\"wp-block-column is-layout-flow wp-block-column-is-layout-flow\">\n<h2 class=\"wp-block-heading has-text-align-center\">Misi\u00f3n<\/h2>\n\n\n\n<p class=\"has-text-align-center\">Somos una empresa de consultor\u00eda especializada en la Gesti\u00f3n Integral de los Activos, siendo aliados estrat\u00e9gicos para nuestros clientes, brindando un servicio innovador, generando valor agregado y fidelizaci\u00f3n, a trav\u00e9s de la excelencia de nuestros servicios y el talento humano id\u00f3neo de nuestro equipo.<\/p>\n<\/div>\n\n\n\n<div class=\"wp-block-column is-layout-flow wp-block-column-is-layout-flow\">\n<h2 class=\"wp-block-heading has-text-align-center\">Visi\u00f3n<\/h2>\n\n\n\n<p class=\"has-text-align-center\">En el a\u00f1o 2026 ser\u00e1 l\u00edder en gesti\u00f3n de activos, mediante la formaci\u00f3n permanente y certificaci\u00f3n de sus profesionales, que permitir\u00e1 una expansi\u00f3n a nivel nacional, el reconocimiento de sus clientes, y el acompa\u00f1amiento para la implementaci\u00f3n de mejores pr\u00e1cticas operacionales, seg\u00fan&nbsp;las normas internacionales&nbsp;vigentes.<\/p>\n<\/div>\n\n\n\n<div class=\"wp-block-column is-layout-flow wp-block-column-is-layout-flow\">\n<h2 class=\"wp-block-heading has-text-align-center\">Prop\u00f3sito<\/h2>\n\n\n\n<p class=\"has-text-align-center\">Buscamos satisfacer al cliente mediante el logro de sus objetivos estrat\u00e9gicos, generando valor, fidelizaci\u00f3n y sostenibilidad a trav\u00e9s del mejoramiento continuo.<\/p>\n<\/div>\n<\/div>\n<\/div>\n<\/div>\n\n\n\n<p><\/p>\n\n\n\n<h2 class=\"wp-block-heading has-text-align-center\">Nuestros Aliados<\/h2>\n<\/div><\/div>\n\n\n\n<div class=\"wp-block-uagb-container uagb-block-6b601ed0 alignfull uagb-is-root-container\"><div class=\"uagb-container-inner-blocks-wrap\">\n<div class=\"wp-block-uagb-image aligncenter uagb-block-1f2f2c55 wp-block-uagb-image--layout-default wp-block-uagb-image--effect-static wp-block-uagb-image--align-center\"><figure class=\"wp-block-uagb-image__figure\"><img decoding=\"async\" srcset=\"https:\/\/jmd.com.co\/wp-content\/uploads\/2023\/05\/UN.png \" sizes=\"auto, (max-width: 480px) 150px\" src=\"https:\/\/jmd.com.co\/wp-content\/uploads\/2023\/05\/UN.png\" alt=\"\" class=\"uag-image-1582\" width=\"95\" height=\"103\" title=\"\" loading=\"lazy\"\/><\/figure><\/div>\n\n\n\n<div class=\"wp-block-uagb-image aligncenter uagb-block-6aca8ca2 wp-block-uagb-image--layout-default wp-block-uagb-image--effect-static wp-block-uagb-image--align-center\"><figure class=\"wp-block-uagb-image__figure\"><img decoding=\"async\" srcset=\"https:\/\/jmd.com.co\/wp-content\/uploads\/2023\/05\/EMS.png \" sizes=\"auto, (max-width: 480px) 150px\" src=\"https:\/\/jmd.com.co\/wp-content\/uploads\/2023\/05\/EMS.png\" alt=\"\" class=\"uag-image-1583\" width=\"129\" height=\"56\" title=\"\" loading=\"lazy\"\/><\/figure><\/div>\n\n\n\n<div class=\"wp-block-uagb-image aligncenter uagb-block-4d301323 wp-block-uagb-image--layout-default wp-block-uagb-image--effect-static wp-block-uagb-image--align-center\"><figure class=\"wp-block-uagb-image__figure\"><img decoding=\"async\" srcset=\"https:\/\/jmd.com.co\/wp-content\/uploads\/2023\/05\/IBM.png \" sizes=\"auto, (max-width: 480px) 150px\" src=\"https:\/\/jmd.com.co\/wp-content\/uploads\/2023\/05\/IBM.png\" alt=\"\" class=\"uag-image-1584\" width=\"128\" height=\"82\" title=\"\" loading=\"lazy\"\/><\/figure><\/div>\n<\/div><\/div>\n\n\n\n<div class=\"wp-block-uagb-container uagb-block-ce3ccf3e alignfull uagb-is-root-container\"><div class=\"uagb-container-inner-blocks-wrap\">\n<h2 class=\"wp-block-heading\"><\/h2>\n<\/div><\/div>\n\n\n\n<div class=\"wp-block-uagb-container uagb-block-55d25bb1 alignfull uagb-is-root-container\"><div class=\"uagb-container-inner-blocks-wrap\">\n<div class=\"wp-block-uagb-info-box uagb-block-09330a9e uagb-infobox__content-wrap  uagb-infobox-icon-above-title uagb-infobox-image-valign-top\"><div class=\"uagb-ifb-content\"><div class=\"uagb-ifb-title-wrap\"><h3 class=\"uagb-ifb-title\">Es hora de obtener el m\u00e1ximo valor de sus activos.<\/h3><\/div><p class=\"uagb-ifb-desc\">Brindamos acompa\u00f1amiento de principio a fin.<\/p><div class=\"uagb-ifb-button-wrapper wp-block-button\"><a href=\"https:\/\/jmd.com.co\/index.php\/contact\/\" class=\"uagb-infobox-cta-link wp-block-button__link\" target=\"_self\" rel=\"noopener noreferrer\" onclick=\"return true;\" alt=\"\"><span class=\"uagb-inline-editing\">CONT\u00c1CTANOS<\/span><svg xmlns=\"https:\/\/www.w3.org\/2000\/svg\" viewBox=\"0 0 512 512\"><path d=\"M502.6 278.6l-128 128c-12.51 12.51-32.76 12.49-45.25 0c-12.5-12.5-12.5-32.75 0-45.25L402.8 288H32C14.31 288 0 273.7 0 255.1S14.31 224 32 224h370.8l-73.38-73.38c-12.5-12.5-12.5-32.75 0-45.25s32.75-12.5 45.25 0l128 128C515.1 245.9 515.1 266.1 502.6 278.6z\"><\/path><\/svg><\/a><\/div><\/div><\/div>\n<\/div><\/div>\n","protected":false},"excerpt":{"rendered":"<p>Nosotros Somos consultores Integrales en Gesti\u00f3n de Activos seg\u00fan la Norma ISO 55001. Tenemos conocimiento y experiencia espec\u00edfica para Empresas del Sector Energ\u00e9tico y de Servicios P\u00fablicos. Acompa\u00f1amos a nuestros Clientes en todo el proceso de diagn\u00f3stico, planeaci\u00f3n y implementaci\u00f3n y acompa\u00f1amiento en la certificaci\u00f3n, garantizando el retorno de la Inversi\u00f3n. Pol\u00edtica del Sistema de &hellip;<\/p>\n<p class=\"read-more\"> <a class=\"\" href=\"https:\/\/jmd.com.co\/index.php\/about\/\"> <span class=\"screen-reader-text\">Nosotros<\/span> Leer m\u00e1s &raquo;<\/a><\/p>\n","protected":false},"author":1,"featured_media":0,"parent":0,"menu_order":0,"comment_status":"closed","ping_status":"closed","template":"","meta":{"_uag_custom_page_level_css":"","site-sidebar-layout":"no-sidebar","site-content-layout":"page-builder","ast-global-header-display":"","ast-banner-title-visibility":"","ast-main-header-display":"","ast-hfb-above-header-display":"","ast-hfb-below-header-display":"","ast-hfb-mobile-header-display":"","site-post-title":"disabled","ast-breadcrumbs-content":"disabled","ast-featured-img":"disabled","footer-sml-layout":"","theme-transparent-header-meta":"disabled","adv-header-id-meta":"","stick-header-meta":"","header-above-stick-meta":"","header-main-stick-meta":"","header-below-stick-meta":"","footnotes":""},"class_list":["post-964","page","type-page","status-publish","hentry"],"uagb_featured_image_src":{"full":false,"thumbnail":false,"medium":false,"medium_large":false,"large":false,"1536x1536":false,"2048x2048":false},"uagb_author_info":{"display_name":"info","author_link":"https:\/\/jmd.com.co\/index.php\/author\/info\/"},"uagb_comment_info":0,"uagb_excerpt":"Nosotros Somos consultores Integrales en Gesti\u00f3n de Activos seg\u00fan la Norma ISO 55001. Tenemos conocimiento y experiencia espec\u00edfica para Empresas del Sector Energ\u00e9tico y de Servicios P\u00fablicos. Acompa\u00f1amos a nuestros Clientes en todo el proceso de diagn\u00f3stico, planeaci\u00f3n y implementaci\u00f3n y acompa\u00f1amiento en la certificaci\u00f3n, garantizando el retorno de la Inversi\u00f3n. Pol\u00edtica del Sistema de&hellip;","_links":{"self":[{"href":"https:\/\/jmd.com.co\/index.php\/wp-json\/wp\/v2\/pages\/964","targetHints":{"allow":["GET"]}}],"collection":[{"href":"https:\/\/jmd.com.co\/index.php\/wp-json\/wp\/v2\/pages"}],"about":[{"href":"https:\/\/jmd.com.co\/index.php\/wp-json\/wp\/v2\/types\/page"}],"author":[{"embeddable":true,"href":"https:\/\/jmd.com.co\/index.php\/wp-json\/wp\/v2\/users\/1"}],"replies":[{"embeddable":true,"href":"https:\/\/jmd.com.co\/index.php\/wp-json\/wp\/v2\/comments?post=964"}],"version-history":[{"count":28,"href":"https:\/\/jmd.com.co\/index.php\/wp-json\/wp\/v2\/pages\/964\/revisions"}],"predecessor-version":[{"id":1901,"href":"https:\/\/jmd.com.co\/index.php\/wp-json\/wp\/v2\/pages\/964\/revisions\/1901"}],"wp:attachment":[{"href":"https:\/\/jmd.com.co\/index.php\/wp-json\/wp\/v2\/media?parent=964"}],"curies":[{"name":"wp","href":"https:\/\/api.w.org\/{rel}","templated":true}]}}